{"id":1328,"date":"2025-05-27T17:11:32","date_gmt":"2025-05-27T14:11:32","guid":{"rendered":"https:\/\/caremarineservice.com\/?page_id=1328"},"modified":"2025-05-29T09:07:48","modified_gmt":"2025-05-29T06:07:48","slug":"termsconditions","status":"publish","type":"page","link":"https:\/\/caremarineservice.com\/tr\/termsconditions\/","title":{"rendered":"\u015eARTLAR VE KO\u015eULLAR"},"content":{"rendered":"<div data-elementor-type=\"wp-page\" data-elementor-id=\"1328\" class=\"elementor elementor-1328\" data-elementor-post-type=\"page\">\n\t\t\t\t<div class=\"elementor-element elementor-element-935d9e8 e-flex e-con-boxed e-con e-parent\" data-id=\"935d9e8\" data-element_type=\"container\" data-settings=\"{&quot;profecient_background_motion_effects_toggle&quot;:0,&quot;profecient_parallax_effects_toggle&quot;:0,&quot;profecient_mouse_effects_toggle&quot;:0}\">\n\t\t\t\t\t<div class=\"e-con-inner\">\n\t\t\t\t<div class=\"elementor-element elementor-element-e155831 elementor-widget__width-initial elementor-widget elementor-widget-text-editor\" data-id=\"e155831\" data-element_type=\"widget\" data-settings=\"{&quot;profecient_parallax_effects_toggle&quot;:0,&quot;profecient_mouse_effects_toggle&quot;:0}\" data-widget_type=\"text-editor.default\">\n\t\t\t\t<div class=\"elementor-widget-container\">\n\t\t\t\t\t\t\t\t\t<p>\u00a0<\/p><p>TEDAR\u0130K GENEL H\u00dcK\u00dcM VE \u015eARTLARI\nCARE M\u00dcHENDISLIK VE DANISMANLIK LIMITED SIRKETI<\/p><p>Madde 1 - Tan\u0131mlar<\/p><p>Bu tedarik \u015fart ve ko\u015fullar\u0131nda a\u015fa\u011f\u0131daki terimler a\u015fa\u011f\u0131daki anlamlara gelmektedir:<\/p><p>Tedarik\u00e7i: CARE M\u00dcHENDISLIK VE DANISMANLIK LIMITED SIRKETI;<\/p><p>Al\u0131c\u0131: Tedarik\u00e7inin teklif sundu\u011fu veya Tedarik\u00e7i ile anla\u015fma yapt\u0131\u011f\u0131 ya da bu konuda m\u00fczakere y\u00fcr\u00fctt\u00fc\u011f\u00fc her ger\u00e7ek ki\u015fi veya t\u00fczel ki\u015fi;<\/p><p>Teklif: Her t\u00fcrl\u00fc teklif, fiyat teklifi veya anla\u015fma daveti;<\/p><p>Anla\u015fma: Tedarik\u00e7i ile Al\u0131c\u0131 aras\u0131ndaki her t\u00fcrl\u00fc anla\u015fma;<\/p><p>Mallar: Tedarik\u00e7i ad\u0131na veya Tedarik\u00e7i taraf\u0131ndan sunulan teklifin veya yap\u0131lan anla\u015fman\u0131n konusu olan t\u00fcm mallar, (hizmet) mallar\u0131 dahil.<\/p><p>Madde 2 - Uygulanabilirlik<\/p><p>2.1  Bu tedarik h\u00fck\u00fcm ve \u015fartlar\u0131, Tedarik\u00e7i ile Al\u0131c\u0131 aras\u0131ndaki t\u00fcm anla\u015fmalar, Tedarik\u00e7i ad\u0131na veya Tedarik\u00e7i taraf\u0131ndan yap\u0131lan t\u00fcm teklifler ve bu anla\u015fmalar ile teklifler hakk\u0131nda yap\u0131lan t\u00fcm m\u00fczakereler i\u00e7in ge\u00e7erlidir.<\/p><p>2.2  Bu tedarik h\u00fck\u00fcm ve \u015fartlar\u0131ndan herhangi bir sapma, yaln\u0131zca Tedarik\u00e7i taraf\u0131ndan yaz\u0131l\u0131 olarak kabul edildi\u011fi takdirde ge\u00e7erlidir.<\/p><p>2.3  Tedarik\u00e7i, ba\u015fka genel h\u00fck\u00fcm ve \u015fartlara yap\u0131lan at\u0131flar\u0131 a\u00e7\u0131k\u00e7a kabul etmez.<\/p><p>2.4  Bu tedarik h\u00fck\u00fcm ve \u015fartlar\u0131n\u0131n herhangi bir h\u00fckm\u00fc h\u00fck\u00fcms\u00fcz veya ge\u00e7ersiz ilan edilirse, bu h\u00fck\u00fcm, Tedarik\u00e7i ile Al\u0131c\u0131 aras\u0131ndaki hukuki ili\u015fkide, i\u00e7eri\u011fi ve anlam\u0131 m\u00fcmk\u00fcn oldu\u011funca orijinal h\u00fck\u00fcmle uyumlu olacak \u015fekilde yasal olarak ge\u00e7erli bir h\u00fckme d\u00f6n\u00fc\u015ft\u00fcr\u00fcl\u00fcr.<\/p><p>2.5  Bu h\u00fck\u00fcm ve \u015fartlar terc\u00fcme edilirse, \u0130ngilizce metin ile terc\u00fcme edilen metin aras\u0131nda g\u00f6r\u00fc\u015f ayr\u0131l\u0131\u011f\u0131 olmas\u0131 halinde \u0130ngilizce metin esas al\u0131n\u0131r.<\/p><p>Madde 3 \u2013 Teklifler, sipari\u015fler ve anla\u015fmalar<\/p><p>3.1  Anla\u015fma, ancak Tedarik\u00e7i taraf\u0131ndan Al\u0131c\u0131dan gelen bir sipari\u015fin yaz\u0131l\u0131 olarak kabul edilmesi veya onaylanmas\u0131 ya da<\/p><p>Tedarik\u00e7i taraf\u0131ndan ilgili sipari\u015fin fiilen (ba\u015flat\u0131lmas\u0131) uygulanmas\u0131yla y\u00fcr\u00fcrl\u00fc\u011fe girer.<\/p><p>3.2  Kataloglarda, resimlerde, \u00e7izimlerde, boyut ve a\u011f\u0131rl\u0131k listelerinde ve benzeri belgelerde yer alan veriler,<\/p><p>Tedarik\u00e7i a\u00e7\u0131s\u0131ndan ancak a\u00e7\u0131k\u00e7a anla\u015fmaya ba\u011fland\u0131\u011f\u0131 \u00f6l\u00e7\u00fcde ba\u011flay\u0131c\u0131d\u0131r.<\/p><p>3.3  A\u015fa\u011f\u0131daki durumlarda Tedarik\u00e7i, Anla\u015fmay\u0131 tamamen veya k\u0131smen (mahkemeye ba\u015fvurmadan) feshetme veya kendi y\u00fck\u00fcml\u00fcl\u00fcklerinin yerine getirilmesini ask\u0131ya alma hakk\u0131na sahiptir:<\/p><p>Al\u0131c\u0131n\u0131n, Tedarik\u00e7iye kar\u015f\u0131 sahip oldu\u011fu bir veya birden fazla y\u00fck\u00fcml\u00fcl\u00fc\u011f\u00fc hi\u00e7, zaman\u0131nda veya tam olarak yerine getirmemesi ya da Tedarik\u00e7inin, Al\u0131c\u0131n\u0131n bu y\u00fck\u00fcml\u00fcl\u00fckleri hi\u00e7, zaman\u0131nda veya tam olarak yerine getirmeyece\u011fine dair hakl\u0131 bir \u015f\u00fcphesinin olmas\u0131;<\/p><p>Al\u0131c\u0131n\u0131n iflas\u0131, konkordato talebi veya vesayet alt\u0131na al\u0131nmas\u0131 ve\/veya ba\u015fka bir \u015fekilde Al\u0131c\u0131n\u0131n \u00f6deme g\u00fcc\u00fcn\u00fcn olmad\u0131\u011f\u0131n\u0131n ortaya \u00e7\u0131kmas\u0131 (veya hakl\u0131 \u015f\u00fcphe olu\u015fmas\u0131);<\/p><p>Al\u0131c\u0131n\u0131n tasfiyesi i\u00e7in karar al\u0131nmas\u0131 ve\/veya tasfiye i\u015flemlerinin ba\u015flat\u0131lmas\u0131, Al\u0131c\u0131 i\u015f faaliyetlerinin sona erdirilmesi\/sat\u0131\u015f\u0131 ya da Al\u0131c\u0131 i\u015f faaliyetlerinin niteliklerinin Tedarik\u00e7i g\u00f6r\u00fc\u015f\u00fcne g\u00f6re esasl\u0131 olarak de\u011fi\u015fmesi;<\/p><p>Al\u0131c\u0131n\u0131n malvarl\u0131\u011f\u0131n\u0131n tamam\u0131na veya bir k\u0131sm\u0131na haciz konulmas\u0131 ve bu haczin on d\u00f6rt g\u00fcn i\u00e7inde kald\u0131r\u0131lmamas\u0131;<\/p><p>Al\u0131c\u0131n\u0131n, Tedarik\u00e7inin teslimat yapmas\u0131na\/sunmas\u0131na izin vermemesi veya i\u015f birli\u011fi sa\u011flamamas\u0131.<\/p><p>3.4  T\u00fcm sipari\u015fler sipari\u015fi veren taraf i\u00e7in ba\u011flay\u0131c\u0131d\u0131r; bu nedenle, herhangi bir sipari\u015fin de\u011fi\u015ftirilmesi veya iptali, ancak CARE M\u00dcHENDISLIK VE DANISMANLIK LIMITED SIRKETI'nin \u00f6nceden yaz\u0131l\u0131 kabul\u00fcne tabidir.<\/p><p>Madde 4 - Bilgilerin m\u00fclkiyeti ve gizlili\u011fi<\/p><p>4.1  Tedarik\u00e7i ad\u0131na veya Tedarik\u00e7i taraf\u0131ndan yap\u0131lan teklifler ile Tedarik\u00e7iden kaynaklanan \u00e7izimler, hesaplamalar, a\u00e7\u0131klamalar, modeller, ara\u00e7lar ve benzerleri Tedarik\u00e7inin m\u00fclkiyetinde kal\u0131r.<\/p><p>4.2  Al\u0131c\u0131, Tedarik\u00e7iye kar\u015f\u0131 teminat verir ve bu tekliflerin, \u00e7izimlerin, hesaplamalar\u0131n, a\u00e7\u0131klamalar\u0131n, modellerin ve benzerlerinin ve bunlarda yer alan bilgilerin gizli tutulaca\u011f\u0131n\u0131, kopyalanmayaca\u011f\u0131n\u0131, \u00fc\u00e7\u00fcnc\u00fc \u015fah\u0131slara g\u00f6sterilmeyece\u011fini veya if\u015fa edilmeyece\u011fini ya da Tedarik\u00e7inin \u00f6nceden izni olmaks\u0131z\u0131n \u00fc\u00e7\u00fcnc\u00fc \u015fah\u0131slar taraf\u0131ndan kullan\u0131lmayaca\u011f\u0131n\u0131 taahh\u00fct eder.<\/p><p>4.3  Tedarik\u00e7iden kaynaklanan tasar\u0131mlar, \u00e7izimler, hesaplamalar, a\u00e7\u0131klamalar, modeller, \u00e7al\u0131\u015fma y\u00f6ntemi, dan\u0131\u015fmanl\u0131k vs. ile ilgili olarak end\u00fcstriyel veya fikri nitelikteki t\u00fcm haklar, telif hakk\u0131 dahil,<\/p><p>Anla\u015fman\u0131n y\u00fcr\u00fct\u00fclmesi s\u0131ras\u0131nda ve sonras\u0131nda a\u00e7\u0131k ve m\u00fcnhas\u0131ran Tedarik\u00e7inin devredilemez m\u00fclkiyetinde olacak ve\/veya kalacakt\u0131r.<\/p><p>Madde 5 - Fiyatlar<\/p><p>Tekliflerde ve anla\u015fmalarda yer alan ve aksi belirtilmedi\u011fi s\u00fcrece \u015fu \u015fekilde olan fiyatlar:<\/p><p>Katma de\u011fer vergisi, ithalat ve ihracat vergileri ile yetkililer taraf\u0131ndan konulan di\u011fer t\u00fcm har\u00e7lar ve masraflar hari\u00e7;<\/p><p>Tedarik\u00e7inin alt y\u00fcklenicisinin fabrikas\u0131nda veya deposunda ya da Tedarik\u00e7inin takdirine ba\u011fl\u0131 olarak Tedarik\u00e7i deposunda teslim;<\/p><p>Ambalajlama masraflar\u0131 hari\u00e7;<\/p><p>Y\u00fckleme, sevkiyat, bo\u015faltma, nakliye, g\u00f6nderim ve sigorta masraflar\u0131 hari\u00e7;<\/p><p>Montaj ve di\u011fer (hizmet) i\u015f\u00e7ilikleri hari\u00e7.<\/p><p>Madde 6 - Teslim s\u00fcreleri<\/p><p>6.1  Tedarik\u00e7i taraf\u0131ndan belirtilen veya \u00fczerinde anla\u015f\u0131lan teslim s\u00fcreleri yaln\u0131zca g\u00f6sterge niteli\u011findedir ve Tedarik\u00e7i anla\u015fmay\u0131 yaz\u0131l\u0131 olarak onaylad\u0131\u011f\u0131nda, Tedarik\u00e7inin Anla\u015fman\u0131n ifas\u0131 i\u00e7in gerekli t\u00fcm belge, veri, izin ve benzerlerine sahip oldu\u011funda ve gerekli t\u00fcm resm\u00ee i\u015flemler tamamland\u0131\u011f\u0131nda ve Al\u0131c\u0131n\u0131n \u00f6demesi gereken avans (varsa) Tedarik\u00e7iye ula\u015ft\u0131\u011f\u0131nda ba\u015flar.<\/p><p>6.2  Teslim s\u00fcrelerinin a\u015f\u0131lmas\u0131, Tedarik\u00e7inin a\u011f\u0131r kusuru d\u0131\u015f\u0131nda, Al\u0131c\u0131ya tazminat, fesih, ask\u0131ya alma veya Tedarik\u00e7iye kar\u015f\u0131 \u00fcstlenilmi\u015f herhangi bir y\u00fck\u00fcml\u00fcl\u00fc\u011f\u00fcn yerine getirilmemesi hakk\u0131 vermez.<\/p><p>Madde 7 - Teslimat, riskin ve m\u00fclkiyetin devri<\/p><p>7.1  Tedarik\u00e7i taraf\u0131ndan mallar\u0131n teslimat\u0131, Tedarik\u00e7inin alt y\u00fcklenicisinin fabrikas\u0131nda veya deposunda ya da Tedarik\u00e7inin takdirine ba\u011fl\u0131 olarak Tedarik\u00e7i deposunda yap\u0131l\u0131r. Fabrikadan veya depodan teslim, INCOTERMS 2000\u2019e uygun olarak yap\u0131l\u0131r.. Teslimat, mallar\u0131n Al\u0131c\u0131ya sevk veya nakliyeye haz\u0131r oldu\u011funun bildirilmesiyle ger\u00e7ekle\u015fir. Mallar, depolanmas\u0131 dahil, bu andan itibaren Al\u0131c\u0131n\u0131n sorumlulu\u011fu ve riski alt\u0131nda olur. Bu s\u0131n\u0131rlamalar, bu tedarik \u015fartlar\u0131n\u0131n 7.3. maddesinde belirtilen (geni\u015fletilmi\u015f) m\u00fclkiyetin muhafazas\u0131 hakk\u0131na halel getirmez.<\/p><p>7.2  Mallar\u0131n g\u00f6nderilmesi, y\u00fcklenmesi, sevkiyat\u0131, nakliyesi ve bo\u015falt\u0131lmas\u0131 Al\u0131c\u0131n\u0131n sorumlulu\u011fu ve riski alt\u0131ndad\u0131r. Tedarik\u00e7inin bu i\u015fleri sa\u011flamas\u0131 durumunda da masraf ve risk Al\u0131c\u0131ya aittir.<\/p><p>7.3  Tedarik\u00e7i, Al\u0131c\u0131 taraf\u0131ndan teslim edilen mallara ili\u015fkin t\u00fcm bor\u00e7lar, ek hizmetler, faiz ve masraflar dahil olmak \u00fczere, tamamen \u00f6denene kadar t\u00fcm teslim edilen mallar\u0131n m\u00fclkiyetini elinde tutar.<\/p><p>Al\u0131c\u0131, talep halinde Tedarik\u00e7iye bu m\u00fclkiyet hakk\u0131n\u0131 kullanma, mallar\u0131 geri alma ve gerekiyorsa mallar\u0131n s\u00f6k\u00fclmesini sa\u011flama imk\u00e2n\u0131 tan\u0131r. Bu ama\u00e7la Al\u0131c\u0131, Tedarik\u00e7iye, talep halinde, mallara engelsiz eri\u015fim sa\u011flamal\u0131d\u0131r.<\/p><p>Madde 8 - \u00d6deme<\/p><p>8.1  Tedarik\u00e7inin faturalar\u0131n\u0131n \u00f6demesi, herhangi bir indirim, kesinti veya mahsup olmaks\u0131z\u0131n, fatura tarihinden itibaren 30 g\u00fcn i\u00e7inde Euro\/USD cinsinden ve Tedarik\u00e7i taraf\u0131ndan belirlenen bir hesaba fiilen yap\u0131lmal\u0131d\u0131r.<\/p><p>8.2  Muacceliyetin ve temerr\u00fcd\u00fcn olu\u015fmas\u0131na ili\u015fkin yasal h\u00fck\u00fcmlere ek olarak, Tedarik\u00e7inin Al\u0131c\u0131ya kar\u015f\u0131 t\u00fcm alacaklar\u0131 ayr\u0131ca tamamen derhal muaccel hale gelir ve Al\u0131c\u0131, Tedarik\u00e7iye kar\u015f\u0131 olan y\u00fck\u00fcml\u00fcl\u00fcklerini yerine getirme konusunda ayr\u0131ca derhal temerr\u00fcde d\u00fc\u015fm\u00fc\u015f say\u0131l\u0131r, herhangi bir temerr\u00fct ihbar\u0131 gerekmeksizin, a\u015fa\u011f\u0131daki durumlarda:<\/p><p>Al\u0131c\u0131\u2019n\u0131n Tedarik\u00e7iye kar\u015f\u0131 herhangi bir \u00f6deme s\u00fcresini a\u015fmas\u0131;<\/p><p>Al\u0131c\u0131\u2019n\u0131n iflas\u0131 veya konkordato ba\u015fvurusu yap\u0131lmas\u0131 veya ilan edilmesi;<\/p><p>Al\u0131c\u0131\u2019n\u0131n bir veya birden fazla malvarl\u0131\u011f\u0131 unsuruna haciz konulmas\u0131;<\/p><p>Al\u0131c\u0131\u2019n\u0131n i\u015fletmesinin tasfiye edilmesi veya feshedilmesi ya da bu y\u00f6nde karar al\u0131nmas\u0131;<\/p><p>Al\u0131c\u0131, Tedarik\u00e7inin g\u00f6r\u00fc\u015f\u00fcne g\u00f6re, Tedarik\u00e7inin talebi \u00fczerine, Al\u0131c\u0131\u2019n\u0131n y\u00fck\u00fcml\u00fcl\u00fcklerini yerine getirmesi i\u00e7in yeterli teminat sa\u011flamazsa.<\/p><p>8.3  Tedarik\u00e7inin Al\u0131c\u0131ya kar\u015f\u0131 bir alaca\u011f\u0131n\u0131n muaccel oldu\u011fu andan itibaren, Al\u0131c\u0131, Tedarik\u00e7iye kar\u015f\u0131, bor\u00e7lu oldu\u011fu tutarlar \u00fczerinden, T\u00fcrk Hukuku uyar\u0131nca ge\u00e7erli olan yasal ticari faize d\u00f6rt puan eklenmi\u015f faiz oran\u0131 \u00f6der. Bu durum, Tedarik\u00e7inin di\u011fer hak ve taleplerine halel getirmez, bunlar aras\u0131nda Tedarik\u00e7inin ki\u015fisel y\u00fck\u00fcml\u00fcl\u00fcklerini ask\u0131ya alma ve anla\u015fmalar\u0131 feshetme hakk\u0131 da vard\u0131r.<\/p><p>Madde 9 - M\u00fccbir Sebep<\/p><p>Tedarik\u00e7i, s\u00fcrekli nitelikteki m\u00fccbir sebep nedeniyle ya da otuz g\u00fcnden uzun bir s\u00fcreyle Anla\u015fman\u0131n (daha fazla) ifas\u0131n\u0131 engelleyen bir m\u00fccbir sebep durumu s\u00f6z konusuysa, m\u00fccbir sebebin \u00f6ng\u00f6r\u00fclebilir olup olmad\u0131\u011f\u0131na bak\u0131lmaks\u0131z\u0131n ve herhangi bir tazminat y\u00fck\u00fcml\u00fcl\u00fc\u011f\u00fc olmaks\u0131z\u0131n, anla\u015fmay\u0131 tamamen veya k\u0131smen feshetme hakk\u0131na sahiptir. Bu fesih, bu hususta yap\u0131lacak bir bildirim ve yarg\u0131 yoluna ba\u015fvurmaks\u0131z\u0131n ger\u00e7ekle\u015ftirilir; ancak Tedarik\u00e7i, m\u00fccbir sebep durumu ortaya \u00e7\u0131kmadan \u00f6nce yerine getirdi\u011fi mal ve hizmetler i\u00e7in Al\u0131c\u0131dan \u00f6deme alma hakk\u0131na sahiptir veya Tedarik\u00e7i, Anla\u015fman\u0131n (daha fazla) ifas\u0131n\u0131 tamamen veya k\u0131smen ask\u0131ya alma hakk\u0131na sahiptir. Tedarik\u00e7i, Al\u0131c\u0131y\u0131 m\u00fcmk\u00fcn olan en k\u0131sa s\u00fcrede m\u00fccbir sebep durumu hakk\u0131nda bilgilendirir.<\/p><p>Madde 10 - Garanti<\/p><p>10.1  Tedarik\u00e7i, mallar\u0131n teslimat tarihinden itibaren \u00fc\u00e7 ay boyunca sa\u011flam durumda olaca\u011f\u0131n\u0131 garanti eder.<\/p><p>CARE M\u00dcHENDISLIK VE DANISMANLIK LIMITED SIRKETI, yaln\u0131zca ar\u0131zal\u0131 veya uygun olmayan \u00fcr\u00fcnlerin CARE M\u00dcHENDISLIK VE DANISMANLIK LIMITED SIRKETI'ne uygun ambalajda iade edilmesi ve yaln\u0131zca CARE M\u00dcHENDISLIK VE DANISMANLIK LIMITED SIRKETI'nin, tamamen kendi takdirine ba\u011fl\u0131 olarak, s\u00f6z konusu ar\u0131zalar\u0131n veya uygunsuzlu\u011fun varl\u0131\u011f\u0131n\u0131 do\u011frulamas\u0131 durumunda, ar\u0131zalardan veya uygunsuzluktan sorumlu tutulabilir. CARE M\u00dcHENDISLIK VE DANISMANLIK LIMITED SIRKETI, iade edilen \u00fcr\u00fcnlerin ar\u0131zal\u0131 veya uygunsuz olmad\u0131\u011f\u0131n\u0131 tespit ederse, m\u00fc\u015fterinin temelsiz iddialar\u0131 nedeniyle ortaya \u00e7\u0131kan t\u00fcm masraflar\u0131 m\u00fc\u015fteriye fatura etme hakk\u0131na sahiptir. Tedarik\u00e7i\u2019nin, tedarik edilen \u00fcr\u00fcnlerin \u015fartlar\u0131n\u0131n ihlali sonucu do\u011fan zararlar i\u00e7in sorumlulu\u011fu, varsa, s\u00f6z konusu sorumlulu\u011fa neden olan sat\u0131n alma tutar\u0131n\u0131 a\u015fmayacak \u015fekilde s\u0131n\u0131rland\u0131r\u0131lm\u0131\u015ft\u0131r.<\/p><p>10.2  Al\u0131c\u0131, herhangi bir garanti talebini kaybetme riskiyle birlikte, mallar\u0131 teslimattan sonraki on d\u00f6rt g\u00fcn i\u00e7inde kusurlara kar\u015f\u0131 incelemek ve test etmekle y\u00fck\u00fcml\u00fcd\u00fcr. Al\u0131c\u0131, tespit etti\u011fi kusurlar\u0131, tespit etti\u011fi veya makul olarak tespit etmesi gerekti\u011fi andan itibaren sekiz g\u00fcn i\u00e7inde yaz\u0131l\u0131 olarak Tedarik\u00e7iye bildirmekle y\u00fck\u00fcml\u00fcd\u00fcr; aksi halde garanti talepleri ge\u00e7ersiz olur.<\/p><p>10.3  Tedarik\u00e7i, mallar\u0131n Tedarik\u00e7i d\u0131\u015f\u0131ndaki taraflarca monte edilmesi, kurulmas\u0131, de\u011fi\u015ftirilmesi veya tamir edilmesi, yetersiz veya hatal\u0131 bak\u0131m, mallar\u0131n hatal\u0131 kullan\u0131m\u0131 veya mallar\u0131n ola\u011fan y\u0131pranmas\u0131 nedeniyle ortaya \u00e7\u0131kan kusurlar i\u00e7in garanti sa\u011flamaz.<\/p><p>10.4  Al\u0131c\u0131, bu taleplerin do\u011fdu\u011fu anda veya daha sonras\u0131nda Tedarik\u00e7iye kar\u015f\u0131 herhangi bir y\u00fck\u00fcml\u00fcl\u00fc\u011f\u00fcn\u00fc yerine getirmemi\u015fse, Tedarik\u00e7iye kar\u015f\u0131 garanti iddias\u0131nda bulunamaz.<\/p><p>10.5  Al\u0131c\u0131n\u0131n ge\u00e7erli bir garanti talebi olmas\u0131 durumunda, Tedarik\u00e7i kendi takdirine ba\u011fl\u0131 olarak (i) ilgili mallar\u0131 de\u011fi\u015ftirebilir (veya de\u011fi\u015ftirilmesini sa\u011flayabilir), (ii) yedek mallar teslim edebilir veya (iii) ilgili mallar i\u00e7in Al\u0131c\u0131 taraf\u0131ndan \u00f6denen fiyat\u0131 iade edebilir.<\/p><p>Tedarik\u00e7i mallar\u0131 tamir etmeyi tercih ederse, Al\u0131c\u0131 buna imk\u00e2n vermekle y\u00fck\u00fcml\u00fcd\u00fcr. Tedarik\u00e7i yedek mal teslim etmeye veya \u00f6denen fiyat\u0131 iade etmeye karar verirse, orijinal teslim edilen mallar Tedarik\u00e7i\u2019nin m\u00fclkiyetine ge\u00e7er ve Al\u0131c\u0131, talep edildi\u011finde, bu mallar\u0131 Tedarik\u00e7iye iade etmekle y\u00fck\u00fcml\u00fcd\u00fcr.<\/p><p>10.6  Tedarik\u00e7i\u2019nin bu madde uyar\u0131nca y\u00fck\u00fcml\u00fcl\u00fcklerini yerine getirmemesi, Al\u0131c\u0131ya kar\u015f\u0131 olan y\u00fck\u00fcml\u00fcl\u00fcklerinin ifas\u0131n\u0131 ask\u0131ya alma veya herhangi bir anla\u015fmay\u0131 feshetme hakk\u0131 vermez.<\/p><p>Madde 11 - Sorumluluk ve tazminat<\/p><p>11.1  Tedarik\u00e7i\u2019nin sorumlulu\u011fu, her durumda, yaln\u0131zca bu tedarik \u015fartlar\u0131n\u0131n 10. maddesinde belirtilen garanti y\u00fck\u00fcml\u00fcl\u00fcklerinin yerine getirilmesiyle s\u0131n\u0131rl\u0131d\u0131r. Tedarik\u00e7i\u2019nin, Al\u0131c\u0131 veya \u00fc\u00e7\u00fcnc\u00fc \u015fah\u0131slar taraf\u0131ndan u\u011fran\u0131lan zararlar i\u00e7in daha ileri d\u00fczeydeki t\u00fcm sorumlulu\u011fu a\u00e7\u0131k\u00e7a hari\u00e7 tutulmu\u015ftur; yaln\u0131zca Tedarik\u00e7i\u2019nin a\u011f\u0131r kusurundan do\u011fan do\u011frudan zararlar hari\u00e7tir.<\/p><p>11.2  Mallar\u0131n \u00fcreticisi veya Tedarik\u00e7inin alt y\u00fcklenicisi, Tedarik\u00e7i lehine, 10. ve 11.1. maddelerde belirtilen garanti ve sorumluluk s\u0131n\u0131rlamalar\u0131ndan daha ileri bir garanti ve sorumluluk s\u0131n\u0131rlamas\u0131 uygulam\u0131\u015fsa, bu daha ileri s\u0131n\u0131rlamalar Tedarik\u00e7i ile Al\u0131c\u0131 aras\u0131nda da ge\u00e7erli olur.<\/p><p>11.3  Al\u0131c\u0131, Tedarik\u00e7i taraf\u0131ndan teslim edilen mallar\u0131n kusurlar\u0131ndan kaynaklanan zararlar\u0131n tazmini i\u00e7in \u00fc\u00e7\u00fcnc\u00fc \u015fah\u0131slarca yap\u0131lan t\u00fcm talepler konusunda Tedarik\u00e7iyi tazmin etmek ve zarar\u0131n\u0131 kar\u015f\u0131lamakla y\u00fck\u00fcml\u00fcd\u00fcr.<\/p><p>11.4  Tedarik\u00e7i, hi\u00e7bir \u015fekilde, her ne surette olursa olsun, dolayl\u0131 zararlardan (ticari kay\u0131p, kar kayb\u0131 ve\/veya itibar kayb\u0131 dahil) sorumlu tutulamaz.<\/p><p>11.5  Bu tedarik genel h\u00fck\u00fcm ve \u015fartlar\u0131n\u0131n 11.1 ila 11.4 maddeleri sakl\u0131 kalmak \u00fczere, Tedarik\u00e7i\u2019nin sorumlulu\u011fu do\u011farsa, sadece Tedarik\u00e7i\u2019nin sigortal\u0131 oldu\u011fu zararlar tazmin edilecektir ve bu tutar, Tedarik\u00e7i\u2019nin sigortas\u0131n\u0131n teminat verdi\u011fi miktar\u0131 ge\u00e7emez. E\u011fer sigorta teminat sa\u011flamaz veya \u00f6deme yapmazsa ve Tedarik\u00e7i sorumlu tutulursa, Tedarik\u00e7i\u2019nin sorumlulu\u011fu, fatura tutar\u0131yla s\u0131n\u0131rl\u0131d\u0131r.<\/p><p>Madde 12 - Uygulanacak hukuk ve uyu\u015fmazl\u0131klar<\/p><p>12.1  Tedarik\u00e7i ad\u0131na yap\u0131lan veya Tedarik\u00e7i taraf\u0131ndan yap\u0131lan t\u00fcm anla\u015fmalar ve teklifler ile bunlarla ilgili m\u00fczakerelerde yaln\u0131zca T\u00fcrk Hukuku uygulan\u0131r.<\/p><p>12.2  Tedarik\u00e7i ad\u0131na yap\u0131lan veya Tedarik\u00e7i taraf\u0131ndan yap\u0131lan anla\u015fmalar, teklifler ve bunlarla ilgili m\u00fczakerelerden kaynaklanan uyu\u015fmazl\u0131klar konusunda, \u0130stanbul Mahkemeleri ilk derece mahkemesi yetkilidir;<\/p><p>ancak Tedarik\u00e7i, ilgili yasalar uyar\u0131nca ba\u015fka bir yarg\u0131 merciinde dava a\u00e7ma hakk\u0131na sahiptir.<\/p><p>12.3  Al\u0131c\u0131, uygulanabilir yasa, bu genel h\u00fck\u00fcm ve \u015fartlar veya herhangi bir Anla\u015fma gere\u011fi sorumlu tutulursa ve bu kapsamda Tedarik\u00e7i \u00fc\u00e7\u00fcnc\u00fc bir taraf\u00e7a dava edilirse, Al\u0131c\u0131, Tedarik\u00e7iyi tamamen tazmin etmek ve Tedarik\u00e7i\u2019nin u\u011frad\u0131\u011f\u0131 zarar\u0131 kar\u015f\u0131lamakla y\u00fck\u00fcml\u00fcd\u00fcr.<\/p>\t\t\t\t\t\t\t\t<\/div>\n\t\t\t\t<\/div>\n\t\t\t\t\t<\/div>\n\t\t\t\t<\/div>\n\t\t<div class=\"elementor-element elementor-element-02992e8 e-flex e-con-boxed e-con e-parent\" data-id=\"02992e8\" data-element_type=\"container\" data-settings=\"{&quot;profecient_background_motion_effects_toggle&quot;:0,&quot;profecient_parallax_effects_toggle&quot;:0,&quot;profecient_mouse_effects_toggle&quot;:0}\">\n\t\t\t\t\t<div class=\"e-con-inner\">\n\t\t\t\t\t<\/div>\n\t\t\t\t<\/div>\n\t\t\t\t<\/div>","protected":false},"excerpt":{"rendered":"<p>\u00a0 GENERAL TERMS AND CONDITIONS OF SUPPLY CARE MARINE SERVICE LTD. Article 1 &#8211; Definitions In these terms and conditions of supply the following terms are to be given the following mean- ings: &#8211;\u00a0 Supplier: CARE MARINE SERVICE LTD.; &#8211;\u00a0 Purchaser: every natural person or legal entity to whom\/which the Supplier makes an offer or [&hellip;]<\/p>","protected":false},"author":1,"featured_media":0,"parent":0,"menu_order":0,"comment_status":"closed","ping_status":"closed","template":"","meta":{"_themeisle_gutenberg_block_has_review":false,"footnotes":""},"class_list":["post-1328","page","type-page","status-publish","hentry"],"_links":{"self":[{"href":"https:\/\/caremarineservice.com\/tr\/wp-json\/wp\/v2\/pages\/1328","targetHints":{"allow":["GET"]}}],"collection":[{"href":"https:\/\/caremarineservice.com\/tr\/wp-json\/wp\/v2\/pages"}],"about":[{"href":"https:\/\/caremarineservice.com\/tr\/wp-json\/wp\/v2\/types\/page"}],"author":[{"embeddable":true,"href":"https:\/\/caremarineservice.com\/tr\/wp-json\/wp\/v2\/users\/1"}],"replies":[{"embeddable":true,"href":"https:\/\/caremarineservice.com\/tr\/wp-json\/wp\/v2\/comments?post=1328"}],"version-history":[{"count":30,"href":"https:\/\/caremarineservice.com\/tr\/wp-json\/wp\/v2\/pages\/1328\/revisions"}],"predecessor-version":[{"id":1369,"href":"https:\/\/caremarineservice.com\/tr\/wp-json\/wp\/v2\/pages\/1328\/revisions\/1369"}],"wp:attachment":[{"href":"https:\/\/caremarineservice.com\/tr\/wp-json\/wp\/v2\/media?parent=1328"}],"curies":[{"name":"wp","href":"https:\/\/api.w.org\/{rel}","templated":true}]}}